{"id":9,"date":"2018-04-20T07:02:04","date_gmt":"2018-04-20T07:02:04","guid":{"rendered":"http:\/\/meinehebamme.at\/?page_id=9"},"modified":"2018-11-28T08:06:36","modified_gmt":"2018-11-28T08:06:36","slug":"unser-anliegen","status":"publish","type":"page","link":"http:\/\/meinehebamme.at\/?page_id=9","title":{"rendered":"Unser Anliegen"},"content":{"rendered":"[vc_row type=&#8220;full_width_background&#8220; full_screen_row_position=&#8220;middle&#8220; equal_height=&#8220;yes&#8220; content_placement=&#8220;middle&#8220; scene_position=&#8220;center&#8220; text_color=&#8220;dark&#8220; text_align=&#8220;left&#8220; top_padding=&#8220;2%&#8220; bottom_padding=&#8220;2%&#8220; overlay_strength=&#8220;0.3&#8243; shape_divider_position=&#8220;bottom&#8220; shape_type=&#8220;&#8220;][vc_column column_padding=&#8220;padding-3-percent&#8220; column_padding_position=&#8220;all&#8220; background_color_opacity=&#8220;1&#8243; background_hover_color_opacity=&#8220;1&#8243; column_link_target=&#8220;_self&#8220; column_shadow=&#8220;none&#8220; column_border_radius=&#8220;none&#8220; width=&#8220;1\/2&#8243; tablet_width_inherit=&#8220;default&#8220; tablet_text_alignment=&#8220;default&#8220; phone_text_alignment=&#8220;default&#8220; column_border_width=&#8220;none&#8220; column_border_style=&#8220;solid&#8220;][nectar_cascading_images image_1_url=&#8220;379&#8243; image_1_offset_x_sign=&#8220;+&#8220; image_1_offset_x=&#8220;0%&#8220; image_1_offset_y_sign=&#8220;-&#8220; image_1_offset_y=&#8220;55%&#8220; image_1_rotate_sign=&#8220;+&#8220; image_1_rotate=&#8220;none&#8220; image_1_animation=&#8220;Grow In&#8220; image_1_box_shadow=&#8220;small_depth&#8220; image_2_url=&#8220;381&#8243; image_2_offset_x_sign=&#8220;+&#8220; image_2_offset_x=&#8220;50%&#8220; image_2_offset_y_sign=&#8220;+&#8220; image_2_offset_y=&#8220;35%&#8220; image_2_rotate_sign=&#8220;+&#8220; image_2_rotate=&#8220;none&#8220; image_2_animation=&#8220;Grow In&#8220; image_2_box_shadow=&#8220;small_depth&#8220; image_3_url=&#8220;371&#8243; image_3_offset_x_sign=&#8220;-&#8220; image_3_offset_x=&#8220;35%&#8220; image_3_offset_y_sign=&#8220;+&#8220; image_3_offset_y=&#8220;30%&#8220; image_3_rotate_sign=&#8220;+&#8220; image_3_rotate=&#8220;none&#8220; image_3_animation=&#8220;Grow In&#8220; image_3_box_shadow=&#8220;small_depth&#8220; image_4_offset_x_sign=&#8220;+&#8220; image_4_offset_x=&#8220;0%&#8220; image_4_offset_y_sign=&#8220;+&#8220; image_4_offset_y=&#8220;0%&#8220; image_4_rotate_sign=&#8220;+&#8220; image_4_rotate=&#8220;none&#8220; image_4_animation=&#8220;Fade In&#8220; image_4_box_shadow=&#8220;none&#8220; border_radius=&#8220;5px&#8220;][\/vc_column][vc_column column_padding=&#8220;padding-6-percent&#8220; column_padding_position=&#8220;left&#8220; background_color_opacity=&#8220;1&#8243; background_hover_color_opacity=&#8220;1&#8243; column_link_target=&#8220;_self&#8220; column_shadow=&#8220;none&#8220; column_border_radius=&#8220;none&#8220; width=&#8220;1\/2&#8243; tablet_width_inherit=&#8220;default&#8220; tablet_text_alignment=&#8220;default&#8220; phone_text_alignment=&#8220;default&#8220; column_border_width=&#8220;none&#8220; column_border_style=&#8220;solid&#8220;][vc_column_text]Unser Anliegen ist es,\u00a0die individuellen und pers\u00f6nlichen F\u00e4higkeiten und Ressourcen jeder Frau, die wir begleiten, so zu unterst\u00fctzen, dass die Schwangerschaft und die Geburt ihres Kindes auch zum pers\u00f6nlichen und intimen Erlebnis werden kann \u2013 f\u00fcr die Frau selbst, f\u00fcr das Paar und die \u201eneue\u201c Familie.<\/p>\n<p>Die Einbeziehung von Bezugspersonen, die diese wichtige Erfahrung teilen ist f\u00fcr uns eine Selbstverst\u00e4ndlichkeit, weil Schwangerschaft und Geburt, so wie das Leben mit Kindern nicht isoliert stattfinden, sondern ein Teil des Lebens und des Alltags sind.<\/p>\n<p>Respektvoller Umgang miteinander bildet die Basis des Vertrauens und sch\u00fctzt die W\u00fcrde der Frau.<\/p>\n<p>Wir pl\u00e4dieren f\u00fcr die wirklich freie Wahlm\u00f6glichkeit jeder Frau, ihr Kind nach eigenem Verst\u00e4ndnis, ihrer Kultur entsprechend und aus eigener Kraft in der Umgebung auf die Welt zu bringen, die ihr entspricht \u2013 dort wo sie sich sicher und geborgen f\u00fchlen kann.<\/p>\n<p>Jede Frau, die wir w\u00e4hrend Schwangerschaft, Geburt und ein St\u00fcck auf dem Weg in das Muttersein begleiten d\u00fcrfen, ist eine Bereicherung f\u00fcr das Leben und unsere Arbeit, jedes Kind ein Geschenk und Elternschaft wert und wichtig, unterst\u00fctzt zu werden.<\/p>\n<p>Auch die eigenen Schwangerschaften und unterschiedlichsten Geburtserfahrungen geben uns die M\u00f6glichkeit, verschiedene Zug\u00e4nge in unsere Arbeit mit Familien einflie\u00dfen zu lassen.[\/vc_column_text][\/vc_column][\/vc_row]\n","protected":false},"excerpt":{"rendered":"<p>[vc_row type=&#8220;full_width_background&#8220; full_screen_row_position=&#8220;middle&#8220; equal_height=&#8220;yes&#8220; content_placement=&#8220;middle&#8220; scene_position=&#8220;center&#8220; text_color=&#8220;dark&#8220; text_align=&#8220;left&#8220; top_padding=&#8220;2%&#8220; bottom_padding=&#8220;2%&#8220; overlay_strength=&#8220;0.3&#8243; shape_divider_position=&#8220;bottom&#8220; shape_type=&#8220;&#8220;][vc_column column_padding=&#8220;padding-3-percent&#8220; column_padding_position=&#8220;all&#8220; background_color_opacity=&#8220;1&#8243; background_hover_color_opacity=&#8220;1&#8243; column_link_target=&#8220;_self&#8220; column_shadow=&#8220;none&#8220; column_border_radius=&#8220;none&#8220; width=&#8220;1\/2&#8243; tablet_width_inherit=&#8220;default&#8220; tablet_text_alignment=&#8220;default&#8220; phone_text_alignment=&#8220;default&#8220; column_border_width=&#8220;none&#8220; column_border_style=&#8220;solid&#8220;][nectar_cascading_images image_1_url=&#8220;379&#8243; image_1_offset_x_sign=&#8220;+&#8220; image_1_offset_x=&#8220;0%&#8220; image_1_offset_y_sign=&#8220;-&#8220;&#8230;<\/p>\n","protected":false},"author":1,"featured_media":0,"parent":0,"menu_order":0,"comment_status":"closed","ping_status":"closed","template":"","meta":{"footnotes":""},"_links":{"self":[{"href":"http:\/\/meinehebamme.at\/index.php?rest_route=\/wp\/v2\/pages\/9"}],"collection":[{"href":"http:\/\/meinehebamme.at\/index.php?rest_route=\/wp\/v2\/pages"}],"about":[{"href":"http:\/\/meinehebamme.at\/index.php?rest_route=\/wp\/v2\/types\/page"}],"author":[{"embeddable":true,"href":"http:\/\/meinehebamme.at\/index.php?rest_route=\/wp\/v2\/users\/1"}],"replies":[{"embeddable":true,"href":"http:\/\/meinehebamme.at\/index.php?rest_route=%2Fwp%2Fv2%2Fcomments&post=9"}],"version-history":[{"count":8,"href":"http:\/\/meinehebamme.at\/index.php?rest_route=\/wp\/v2\/pages\/9\/revisions"}],"predecessor-version":[{"id":384,"href":"http:\/\/meinehebamme.at\/index.php?rest_route=\/wp\/v2\/pages\/9\/revisions\/384"}],"wp:attachment":[{"href":"http:\/\/meinehebamme.at\/index.php?rest_route=%2Fwp%2Fv2%2Fmedia&parent=9"}],"curies":[{"name":"wp","href":"https:\/\/api.w.org\/{rel}","templated":true}]}}