{"id":25,"date":"2018-04-20T07:12:31","date_gmt":"2018-04-20T07:12:31","guid":{"rendered":"http:\/\/meinehebamme.at\/?page_id=25"},"modified":"2018-11-22T22:40:24","modified_gmt":"2018-11-22T22:40:24","slug":"links","status":"publish","type":"page","link":"http:\/\/meinehebamme.at\/?page_id=25","title":{"rendered":"Links"},"content":{"rendered":"[vc_row type=&#8220;in_container&#8220; full_screen_row_position=&#8220;middle&#8220; bg_color=&#8220;#ffffff&#8220; scene_position=&#8220;center&#8220; text_color=&#8220;dark&#8220; text_align=&#8220;left&#8220; top_padding=&#8220;2%&#8220; bottom_padding=&#8220;5%&#8220; overlay_strength=&#8220;0.3&#8243; shape_divider_position=&#8220;bottom&#8220; shape_type=&#8220;&#8220;][vc_column column_padding=&#8220;padding-2-percent&#8220; column_padding_position=&#8220;all&#8220; background_color_opacity=&#8220;1&#8243; background_hover_color_opacity=&#8220;1&#8243; column_link_target=&#8220;_self&#8220; column_shadow=&#8220;none&#8220; column_border_radius=&#8220;none&#8220; width=&#8220;1\/3&#8243; tablet_width_inherit=&#8220;default&#8220; tablet_text_alignment=&#8220;default&#8220; phone_text_alignment=&#8220;default&#8220; column_border_width=&#8220;none&#8220; column_border_style=&#8220;solid&#8220;]<div class=\"nectar-fancy-ul\" data-list-icon=\"icon-salient-thin-line\" data-animation=\"false\" data-animation-delay=\"0\" data-color=\"extra-color-3\" data-alignment=\"left\"> \n<ul>\n<li><a href=\"http:\/\/www.klosterneuburg.lknoe.at\">Krankenhaus Klosterneuburg\/Baby Villa \u00a0<\/a><\/li>\n<li><a href=\"http:\/\/www.privatklinik-doebling.at\">Privatklinik D\u00f6bling<\/a><\/li>\n<li><a href=\"http:\/\/www.hebammen.at\">\u00d6sterreichisches Hebammen Gremium<\/a><\/li>\n<li><a href=\"http:\/\/www.ozk.at\">Osteopathiezentrum f\u00fcr Kinder<\/a><\/li>\n<li><a href=\"http:\/\/www.milupa.at\">Milupa<\/a><\/li>\n<li>9<a href=\"http:\/\/www.9monate.de\"> Monate<\/a><\/li>\n<li><a href=\"http:\/\/www.waterfamily.at\">Babyschwimmen<\/a><\/li>\n<li><a href=\"http:\/\/www.handicapkids.at\">HandicapKids<\/a><\/li>\n<li><a href=\"http:\/\/www.fem.at\">Gesundheitsszentren FEM<\/a><\/li>\n<li><a href=\"http:\/\/www.impfinfo.at\">Informationen rund ums Impfen<\/a><\/li>\n<li><a href=\"http:\/\/www.popolini.com\">PoPoLiNi<\/a><\/li>\n<\/ul>\n <\/div><div class=\"divider-wrap\" data-alignment=\"default\"><div style=\"height: 20px;\" class=\"divider\"><\/div><\/div>[\/vc_column][vc_column column_padding=&#8220;no-extra-padding&#8220; column_padding_position=&#8220;all&#8220; background_color_opacity=&#8220;1&#8243; background_hover_color_opacity=&#8220;1&#8243; column_link_target=&#8220;_self&#8220; column_shadow=&#8220;none&#8220; column_border_radius=&#8220;none&#8220; width=&#8220;1\/3&#8243; tablet_width_inherit=&#8220;default&#8220; tablet_text_alignment=&#8220;default&#8220; phone_text_alignment=&#8220;default&#8220; column_border_width=&#8220;none&#8220; column_border_style=&#8220;solid&#8220;]<div class=\"nectar-fancy-ul\" data-list-icon=\"icon-salient-thin-line\" data-animation=\"false\" data-animation-delay=\"0\" data-color=\"extra-color-3\" data-alignment=\"left\"> \n<ul>\n<li><a href=\"http:\/\/www.elternwerkstatt.at\">Verein im Dienst von Kindern, Eltern P\u00e4dagogen<\/a><\/li>\n<li><a href=\"http:\/\/www.kinderkost.com\">Ern\u00e4hrungsinformation f\u00fcr Mutter und Kind\u00a0<\/a><\/li>\n<li><a href=\"http:\/\/www.informationskreis.org\">Informationskreis Kind und Ern\u00e4hrung<\/a><\/li>\n<li><a href=\"http:\/\/www.forum-ernaehrung.at\">Forum Ern\u00e4hrung Heute<\/a><\/li>\n<li><a href=\"http:\/\/midwiferytoday.com\">Midwifery Today\u00a0<\/a><\/li>\n<li><a href=\"http:\/\/www.geburtskanal.de\">Geburtskanal\u00a0<\/a><\/li>\n<li><a href=\"http:\/\/www.savethechildren.org\">Internationale Organisation \u201eSave the Children\u201c<\/a><\/li>\n<li><a href=\"http:\/\/www.kaiserschnitt.ch\">Die problematische Geburt<\/a><\/li>\n<li><a href=\"http:\/\/www.wso.at\">Wiener Schule f\u00fcr Osteopathie<\/a><\/li>\n<li><a href=\"http:\/\/www.mit-kindern-wachsen.de\">Mit Kindern wachsen<\/a><\/li>\n<li><a href=\"http:\/\/www.sensoryawareness.org\">Sensory Awareness Foundation\u00a0<\/a><\/li>\n<\/ul>\n <\/div>[\/vc_column][vc_column column_padding=&#8220;no-extra-padding&#8220; column_padding_position=&#8220;all&#8220; background_color_opacity=&#8220;1&#8243; background_hover_color_opacity=&#8220;1&#8243; column_link_target=&#8220;_self&#8220; column_shadow=&#8220;none&#8220; column_border_radius=&#8220;none&#8220; width=&#8220;1\/3&#8243; tablet_width_inherit=&#8220;default&#8220; tablet_text_alignment=&#8220;default&#8220; phone_text_alignment=&#8220;default&#8220; column_border_width=&#8220;none&#8220; column_border_style=&#8220;solid&#8220;]<div class=\"nectar-fancy-ul\" data-list-icon=\"icon-salient-thin-line\" data-animation=\"false\" data-animation-delay=\"0\" data-color=\"extra-color-3\" data-alignment=\"left\"> \n<ul>\n<li><a href=\"http:\/\/www.kinder-respektvoll-erziehen.de\">Kinder respektvoll erziehen<\/a><\/li>\n<li><a href=\"http:\/\/www.pikler-hengstenberg.at\">Pikler-Hengstenberg Gesellschaft\u00a0<\/a><\/li>\n<li><a href=\"http:\/\/www.oegs.info\">\u00d6sterreichische Gesellschaft f\u00fcr Sexualp\u00e4dagogik &amp; Jugendbildung<\/a><\/li>\n<li><a href=\"http:\/\/www.carstens-stiftung.de\">Carstens Stiftung\u00a0<\/a><\/li>\n<li><a href=\"http:\/\/www.babyguide.at\">Babyguide\u00a0<\/a><\/li>\n<li><a href=\"http:\/\/www.aegis.at\">AktivesEigenesGesundesImmunSystem<\/a><\/li>\n<li><a href=\"http:\/\/www.ief.at\">Nat\u00fcrliche Familienplanung\u00a0<\/a><\/li>\n<li><a href=\"http:\/\/www.nfp-europe.org\">www.uni-duesseldorf.de\/<\/a><\/li>\n<li><a href=\"http:\/\/www.natuerliche-familienplanung.de\">NFP<\/a><\/li>\n<li><a href=\"http:\/\/www.ffgz.de\">Feministisches Frauengesundheitszentrum e.V. Berlin<\/a><\/li>\n<li><a href=\"http:\/\/www.gutehoffnung- jaehesende.com\">Hilfe f\u00fcr Eltern nach dem Tod ihres Babys<\/a><\/li>\n<li>GENERAL ASPECTS OF CARE IN LABOUR<\/li>\n<\/ul>\n <\/div>[\/vc_column][\/vc_row]\n","protected":false},"excerpt":{"rendered":"<p>[vc_row type=&#8220;in_container&#8220; full_screen_row_position=&#8220;middle&#8220; bg_color=&#8220;#ffffff&#8220; scene_position=&#8220;center&#8220; text_color=&#8220;dark&#8220; text_align=&#8220;left&#8220; top_padding=&#8220;2%&#8220; bottom_padding=&#8220;5%&#8220; overlay_strength=&#8220;0.3&#8243; shape_divider_position=&#8220;bottom&#8220; shape_type=&#8220;&#8220;][vc_column column_padding=&#8220;padding-2-percent&#8220; column_padding_position=&#8220;all&#8220; background_color_opacity=&#8220;1&#8243; background_hover_color_opacity=&#8220;1&#8243; column_link_target=&#8220;_self&#8220; column_shadow=&#8220;none&#8220; column_border_radius=&#8220;none&#8220; width=&#8220;1\/3&#8243; tablet_width_inherit=&#8220;default&#8220; tablet_text_alignment=&#8220;default&#8220; phone_text_alignment=&#8220;default&#8220; column_border_width=&#8220;none&#8220; column_border_style=&#8220;solid&#8220;][\/vc_column][vc_column column_padding=&#8220;no-extra-padding&#8220; column_padding_position=&#8220;all&#8220; background_color_opacity=&#8220;1&#8243; background_hover_color_opacity=&#8220;1&#8243; column_link_target=&#8220;_self&#8220;&#8230;<\/p>\n","protected":false},"author":1,"featured_media":0,"parent":0,"menu_order":0,"comment_status":"closed","ping_status":"closed","template":"","meta":{"footnotes":""},"_links":{"self":[{"href":"http:\/\/meinehebamme.at\/index.php?rest_route=\/wp\/v2\/pages\/25"}],"collection":[{"href":"http:\/\/meinehebamme.at\/index.php?rest_route=\/wp\/v2\/pages"}],"about":[{"href":"http:\/\/meinehebamme.at\/index.php?rest_route=\/wp\/v2\/types\/page"}],"author":[{"embeddable":true,"href":"http:\/\/meinehebamme.at\/index.php?rest_route=\/wp\/v2\/users\/1"}],"replies":[{"embeddable":true,"href":"http:\/\/meinehebamme.at\/index.php?rest_route=%2Fwp%2Fv2%2Fcomments&post=25"}],"version-history":[{"count":6,"href":"http:\/\/meinehebamme.at\/index.php?rest_route=\/wp\/v2\/pages\/25\/revisions"}],"predecessor-version":[{"id":268,"href":"http:\/\/meinehebamme.at\/index.php?rest_route=\/wp\/v2\/pages\/25\/revisions\/268"}],"wp:attachment":[{"href":"http:\/\/meinehebamme.at\/index.php?rest_route=%2Fwp%2Fv2%2Fmedia&parent=25"}],"curies":[{"name":"wp","href":"https:\/\/api.w.org\/{rel}","templated":true}]}}