{"id":11,"date":"2018-04-20T07:03:41","date_gmt":"2018-04-20T07:03:41","guid":{"rendered":"http:\/\/meinehebamme.at\/?page_id=11"},"modified":"2021-05-25T19:51:41","modified_gmt":"2021-05-25T19:51:41","slug":"meine-hebamme","status":"publish","type":"page","link":"http:\/\/meinehebamme.at\/?page_id=11","title":{"rendered":"Meine Hebamme"},"content":{"rendered":"[vc_row type=&#8220;full_width_background&#8220; full_screen_row_position=&#8220;middle&#8220; equal_height=&#8220;yes&#8220; content_placement=&#8220;middle&#8220; scene_position=&#8220;center&#8220; text_color=&#8220;dark&#8220; text_align=&#8220;left&#8220; top_padding=&#8220;2%&#8220; bottom_padding=&#8220;2%&#8220; overlay_strength=&#8220;0.3&#8243; shape_divider_position=&#8220;bottom&#8220; shape_type=&#8220;&#8220;][vc_column column_padding=&#8220;padding-3-percent&#8220; column_padding_position=&#8220;all&#8220; background_color_opacity=&#8220;1&#8243; background_hover_color_opacity=&#8220;1&#8243; column_link_target=&#8220;_self&#8220; column_shadow=&#8220;none&#8220; column_border_radius=&#8220;none&#8220; width=&#8220;1\/2&#8243; tablet_width_inherit=&#8220;default&#8220; tablet_text_alignment=&#8220;default&#8220; phone_text_alignment=&#8220;default&#8220; column_border_width=&#8220;none&#8220; column_border_style=&#8220;solid&#8220;][nectar_cascading_images image_1_url=&#8220;188&#8243; image_1_offset_x_sign=&#8220;+&#8220; image_1_offset_x=&#8220;0%&#8220; image_1_offset_y_sign=&#8220;-&#8220; image_1_offset_y=&#8220;55%&#8220; image_1_rotate_sign=&#8220;+&#8220; image_1_rotate=&#8220;none&#8220; image_1_animation=&#8220;Grow In&#8220; image_1_box_shadow=&#8220;small_depth&#8220; image_2_url=&#8220;316&#8243; image_2_offset_x_sign=&#8220;+&#8220; image_2_offset_x=&#8220;50%&#8220; image_2_offset_y_sign=&#8220;+&#8220; image_2_offset_y=&#8220;35%&#8220; image_2_rotate_sign=&#8220;+&#8220; image_2_rotate=&#8220;none&#8220; image_2_animation=&#8220;Grow In&#8220; image_2_box_shadow=&#8220;none&#8220; image_3_url=&#8220;311&#8243; image_3_offset_x_sign=&#8220;-&#8220; image_3_offset_x=&#8220;35%&#8220; image_3_offset_y_sign=&#8220;+&#8220; image_3_offset_y=&#8220;30%&#8220; image_3_rotate_sign=&#8220;+&#8220; image_3_rotate=&#8220;none&#8220; image_3_animation=&#8220;Grow In&#8220; image_3_box_shadow=&#8220;x_large_depth&#8220; image_4_offset_x_sign=&#8220;+&#8220; image_4_offset_x=&#8220;0%&#8220; image_4_offset_y_sign=&#8220;+&#8220; image_4_offset_y=&#8220;0%&#8220; image_4_rotate_sign=&#8220;+&#8220; image_4_rotate=&#8220;none&#8220; image_4_animation=&#8220;Fade In&#8220; image_4_box_shadow=&#8220;none&#8220; border_radius=&#8220;5px&#8220;][\/vc_column][vc_column column_padding=&#8220;padding-6-percent&#8220; column_padding_position=&#8220;left&#8220; background_color_opacity=&#8220;1&#8243; background_hover_color_opacity=&#8220;1&#8243; column_link_target=&#8220;_self&#8220; column_shadow=&#8220;none&#8220; column_border_radius=&#8220;none&#8220; width=&#8220;1\/2&#8243; tablet_width_inherit=&#8220;default&#8220; tablet_text_alignment=&#8220;default&#8220; phone_text_alignment=&#8220;default&#8220; column_border_width=&#8220;none&#8220; column_border_style=&#8220;solid&#8220;][vc_column_text css=&#8220;.vc_custom_1537388149994{margin-top: 50px !important;margin-bottom: 20px !important;}&#8220;]\n<h5><\/h5>\n<h2>Warum eine eigene Hebamme?<\/h2>\n[\/vc_column_text][vc_column_text]Lange Zeit war es selbstverst\u00e4ndlich, dass niedergelassene Hebammen Ansprechpartnerin in vielen gesundheitlich- medizinischen und sozialen Bereichen waren. Diese individuelle Form der Betreuung ist auch heute noch ein wichtiger Bestandteil der Gesundheitsvorsorge f\u00fcr Frauen und ihre Kinder und steht jeder Frau zu.<\/p>\n<p>Jede Frau kann unmittelbar \u2013 ohne \u00e4rztliche \u00dcberweisung \u2013 Kontakt mit einer Hebamme aufnehmen. Eine Hebamme bietet Ihnen vom Zeitpunkt der Familienplanung bis zum Ende der Stillzeit eine umfangreiche und ganzheitliche Betreuung f\u00fcr sich und Ihr Kind.<\/p>\n<p>Die Treffen mit Ihrer Hebamme finden in der Ordination oder bei Ihnen zu Hause ohne Zeitdruck in einer Atmosph\u00e4re statt, die Ihnen vertraut ist und tr\u00e4gt somit zu Ihrem Wohlbefinden bei. Durch die regelm\u00e4\u00dfige und intensive Betreuung kann ein Vertrauensverh\u00e4ltnis aufgebaut werden, das sich st\u00e4rkend auf die k\u00f6rperliche und psychische Situation der schwangeren Frau und den werdenden Vater auswirkt.<\/p>\n<p>Ein erg\u00e4nzendes vielseitiges Kursangebot vermittelt noch viel mehr als ein umfangreiches praxisnahes Wissen \u2013 die Schwerpunkte setzt jede einzelne[\/vc_column_text][\/vc_column][\/vc_row][vc_row type=&#8220;in_container&#8220; full_screen_row_position=&#8220;middle&#8220; scene_position=&#8220;center&#8220; text_color=&#8220;dark&#8220; text_align=&#8220;left&#8220; overlay_strength=&#8220;0.3&#8243; shape_divider_position=&#8220;bottom&#8220;][vc_column column_padding=&#8220;no-extra-padding&#8220; column_padding_position=&#8220;all&#8220; background_color_opacity=&#8220;1&#8243; background_hover_color_opacity=&#8220;1&#8243; column_link_target=&#8220;_self&#8220; column_shadow=&#8220;none&#8220; column_border_radius=&#8220;none&#8220; width=&#8220;1\/1&#8243; tablet_width_inherit=&#8220;default&#8220; tablet_text_alignment=&#8220;default&#8220; phone_text_alignment=&#8220;default&#8220; column_border_width=&#8220;none&#8220; column_border_style=&#8220;solid&#8220;][vc_row_inner column_margin=&#8220;default&#8220; text_align=&#8220;left&#8220;][vc_column_inner column_padding=&#8220;padding-3-percent&#8220; column_padding_position=&#8220;all&#8220; background_color_opacity=&#8220;1&#8243; background_hover_color_opacity=&#8220;1&#8243; column_shadow=&#8220;none&#8220; column_border_radius=&#8220;3px&#8220; column_link_target=&#8220;_self&#8220; width=&#8220;1\/6&#8243; tablet_width_inherit=&#8220;default&#8220; column_border_width=&#8220;none&#8220; column_border_style=&#8220;solid&#8220;][\/vc_column_inner][vc_column_inner column_padding=&#8220;no-extra-padding&#8220; column_padding_position=&#8220;all&#8220; centered_text=&#8220;true&#8220; background_color_opacity=&#8220;1&#8243; background_hover_color_opacity=&#8220;1&#8243; column_shadow=&#8220;none&#8220; column_border_radius=&#8220;none&#8220; column_link_target=&#8220;_self&#8220; width=&#8220;2\/3&#8243; tablet_width_inherit=&#8220;default&#8220; column_border_width=&#8220;none&#8220; column_border_style=&#8220;solid&#8220;][vc_column_text]\n<h4><strong><em>&#8222;Wir unterst\u00fctzen durch unsere Erfahrung und Pr\u00e4senz den Prozess des Neuwerdens in der h\u00f6chsten Wertsch\u00e4tzung und unter dem Aspekt der Selbst- und Eigenverantwortung der Menschen, die wir begleiten.<\/em><\/strong><\/h4>\n<h4><strong><em>Gemeinsam erschaffen wir den Rahmen daf\u00fcr, dass physiologische Vorg\u00e4nge ungest\u00f6rt stattfinden k\u00f6nnen und das Beste f\u00fcr alle und das Ganze geschieht.&#8220;<\/em><\/strong><\/h4>\n[\/vc_column_text]<div class=\"divider-wrap\" data-alignment=\"default\"><div style=\"height: 20px;\" class=\"divider\"><\/div><\/div>[vc_column_text]Das Wissen der werdenden Mutter, frei in der Entscheidung zu sein und eine Wahlm\u00f6glichkeit zu haben vermindert Stress und erh\u00f6ht nachweislich die Sicherheit der Geburt. (WHO)[\/vc_column_text][\/vc_column_inner][vc_column_inner column_padding=&#8220;no-extra-padding&#8220; column_padding_position=&#8220;all&#8220; background_color_opacity=&#8220;1&#8243; background_hover_color_opacity=&#8220;1&#8243; column_shadow=&#8220;none&#8220; column_border_radius=&#8220;none&#8220; column_link_target=&#8220;_self&#8220; width=&#8220;1\/6&#8243; tablet_width_inherit=&#8220;default&#8220; column_border_width=&#8220;none&#8220; column_border_style=&#8220;solid&#8220;][\/vc_column_inner][\/vc_row_inner][\/vc_column][\/vc_row][vc_row type=&#8220;in_container&#8220; full_screen_row_position=&#8220;middle&#8220; scene_position=&#8220;center&#8220; text_color=&#8220;dark&#8220; text_align=&#8220;left&#8220; top_padding=&#8220;2%&#8220; bottom_padding=&#8220;2%&#8220; overlay_strength=&#8220;0.3&#8243; shape_divider_position=&#8220;bottom&#8220; shape_type=&#8220;&#8220;][vc_column column_padding=&#8220;no-extra-padding&#8220; column_padding_position=&#8220;all&#8220; background_color_opacity=&#8220;1&#8243; background_hover_color_opacity=&#8220;1&#8243; column_link_target=&#8220;_self&#8220; column_shadow=&#8220;none&#8220; column_border_radius=&#8220;none&#8220; width=&#8220;1\/2&#8243; tablet_width_inherit=&#8220;default&#8220; tablet_text_alignment=&#8220;default&#8220; phone_text_alignment=&#8220;default&#8220; column_border_width=&#8220;none&#8220; column_border_style=&#8220;solid&#8220;]<div class=\"img-with-aniamtion-wrap \" data-max-width=\"100%\" data-border-radius=\"5px\"><div class=\"inner\"><img loading=\"lazy\" decoding=\"async\" data-shadow=\"small_depth\" data-shadow-direction=\"middle\" class=\"img-with-animation skip-lazy \" data-delay=\"0\" height=\"210\" width=\"280\"  data-animation=\"fade-in\" src=\"http:\/\/meinehebamme.at\/wp-content\/uploads\/2018\/09\/3-1.jpg\"  alt=\"\" \/><\/div><\/div>[vc_column_text]\n<h4>Brigitta Hinterecker-Bogdanowicz MSc.<\/h4>\n<p>Dipl. Hebamme[\/vc_column_text]<div class=\"divider-wrap\" data-alignment=\"default\"><div style=\"height: 10px;\" class=\"divider\"><\/div><\/div><div class=\"nectar-fancy-ul\" data-list-icon=\"icon-salient-thin-line\" data-animation=\"false\" data-animation-delay=\"0\" data-color=\"accent-color\" data-alignment=\"left\"> Mutter von zwei M\u00e4dchen: Helena 1990, Luisa 2002, verheiratet<\/p>\n<ul>\n<li>1982 Studium f\u00fcr Biotechnologie Uni Bodenkultur Wien<\/li>\n<li>1995 &#8211; 1998 Hebammenakademie Semmelweis Frauenklinik Wien<\/li>\n<li>1999 &#8211; 2001 Hebamme im Krankenhaus G\u00f6ttlicher Heiland<\/li>\n<li>2001 Wahlhebamme im Projekt &#8222;In Geborgenheit geboren&#8220; Semmelweis Klinik Wien<\/li>\n<li>Seit 2001 Freipraxis als niedergelassene Hebamme.<\/li>\n<li>2009 \u2013 2013 Masterstudium an der Universit\u00e4t Krems \u2013 Management im Gesundheitswesen \u201cMidwifery\u201d, Ver\u00f6ffentlichung der Masterarbeit &#8218;Erfolgreiche interdisziplin\u00e4re Zusammenarbeit zwischen Hebammen, \u00c4rztinnen und \u00c4rzten innerhalb der Geburtshilfe in \u00d6sterreich&#8216;<\/li>\n<li>Seit 2008 Jahren in den Wintermonaten in Antigua\/Karibik t\u00e4tig<\/li>\n<li>2014 Entwicklungsarbeit in Simikot\/Nepal<\/li>\n<\/ul>\n<p><strong>Kontakt:<\/strong><br \/>\nHerbeckstra\u00dfe 59A<br \/>\n+43 664 50406906<br \/>\nbrigitta.hinterecker@bogdanowicz.at<br \/>\nbrigitta@meinehebamme.at <\/div>[\/vc_column][vc_column column_padding=&#8220;no-extra-padding&#8220; column_padding_position=&#8220;all&#8220; background_color_opacity=&#8220;1&#8243; background_hover_color_opacity=&#8220;1&#8243; column_link_target=&#8220;_self&#8220; column_shadow=&#8220;none&#8220; column_border_radius=&#8220;none&#8220; width=&#8220;1\/2&#8243; tablet_width_inherit=&#8220;default&#8220; tablet_text_alignment=&#8220;default&#8220; phone_text_alignment=&#8220;default&#8220; column_border_width=&#8220;none&#8220; column_border_style=&#8220;solid&#8220;]<div class=\"img-with-aniamtion-wrap \" data-max-width=\"50%\" data-border-radius=\"5px\"><div class=\"inner\"><img loading=\"lazy\" decoding=\"async\" data-shadow=\"small_depth\" data-shadow-direction=\"middle\" class=\"img-with-animation skip-lazy \" data-delay=\"0\" height=\"640\" width=\"640\"  data-animation=\"fade-in\" src=\"http:\/\/meinehebamme.at\/wp-content\/uploads\/2018\/11\/\u202a43-676-7049888\u202c-20180701_132213.jpg\" srcset=\"http:\/\/meinehebamme.at\/wp-content\/uploads\/2018\/11\/\u202a43-676-7049888\u202c-20180701_132213.jpg 640w, http:\/\/meinehebamme.at\/wp-content\/uploads\/2018\/11\/\u202a43-676-7049888\u202c-20180701_132213-150x150.jpg 150w, http:\/\/meinehebamme.at\/wp-content\/uploads\/2018\/11\/\u202a43-676-7049888\u202c-20180701_132213-300x300.jpg 300w, http:\/\/meinehebamme.at\/wp-content\/uploads\/2018\/11\/\u202a43-676-7049888\u202c-20180701_132213-100x100.jpg 100w, http:\/\/meinehebamme.at\/wp-content\/uploads\/2018\/11\/\u202a43-676-7049888\u202c-20180701_132213-140x140.jpg 140w, http:\/\/meinehebamme.at\/wp-content\/uploads\/2018\/11\/\u202a43-676-7049888\u202c-20180701_132213-500x500.jpg 500w, http:\/\/meinehebamme.at\/wp-content\/uploads\/2018\/11\/\u202a43-676-7049888\u202c-20180701_132213-350x350.jpg 350w\" sizes=\"100vw\" alt=\"\" \/><\/div><\/div>[vc_column_text]\n<h4>Karin Unger-Wenesz<\/h4>\n<p>Hebamme, &#8218;Energetikerin[\/vc_column_text]<div class=\"divider-wrap\" data-alignment=\"default\"><div style=\"height: 10px;\" class=\"divider\"><\/div><\/div><div class=\"nectar-fancy-ul\" data-list-icon=\"icon-salient-thin-line\" data-animation=\"false\" data-animation-delay=\"0\" data-color=\"accent-color\" data-alignment=\"left\"> Dipl. Hebamme<br \/>\nErwachsenenbildnerin<br \/>\nseit 1999 T\u00e4tigkeit als freie Hebamme und Wahlhebamme<\/p>\n<p>Ausbildungen f\u00fcr:<\/p>\n<ul>\n<li>Shiatsu<\/li>\n<li>Familienplanung<\/li>\n<li>Geburtsvorbereitung<\/li>\n<li>Babymassage<\/li>\n<li>Geburtsvorbereitung im Wasser<\/li>\n<li>Phythotherapie<\/li>\n<\/ul>\n <\/div>[\/vc_column][\/vc_row]\n","protected":false},"excerpt":{"rendered":"<p>[vc_row type=&#8220;full_width_background&#8220; full_screen_row_position=&#8220;middle&#8220; equal_height=&#8220;yes&#8220; content_placement=&#8220;middle&#8220; scene_position=&#8220;center&#8220; text_color=&#8220;dark&#8220; text_align=&#8220;left&#8220; top_padding=&#8220;2%&#8220; bottom_padding=&#8220;2%&#8220; overlay_strength=&#8220;0.3&#8243; shape_divider_position=&#8220;bottom&#8220; shape_type=&#8220;&#8220;][vc_column column_padding=&#8220;padding-3-percent&#8220; column_padding_position=&#8220;all&#8220; background_color_opacity=&#8220;1&#8243; background_hover_color_opacity=&#8220;1&#8243; column_link_target=&#8220;_self&#8220; column_shadow=&#8220;none&#8220; column_border_radius=&#8220;none&#8220; width=&#8220;1\/2&#8243; tablet_width_inherit=&#8220;default&#8220; tablet_text_alignment=&#8220;default&#8220; phone_text_alignment=&#8220;default&#8220; column_border_width=&#8220;none&#8220; column_border_style=&#8220;solid&#8220;][nectar_cascading_images image_1_url=&#8220;188&#8243; image_1_offset_x_sign=&#8220;+&#8220; image_1_offset_x=&#8220;0%&#8220; image_1_offset_y_sign=&#8220;-&#8220;&#8230;<\/p>\n","protected":false},"author":1,"featured_media":0,"parent":0,"menu_order":0,"comment_status":"closed","ping_status":"closed","template":"","meta":{"footnotes":""},"_links":{"self":[{"href":"http:\/\/meinehebamme.at\/index.php?rest_route=\/wp\/v2\/pages\/11"}],"collection":[{"href":"http:\/\/meinehebamme.at\/index.php?rest_route=\/wp\/v2\/pages"}],"about":[{"href":"http:\/\/meinehebamme.at\/index.php?rest_route=\/wp\/v2\/types\/page"}],"author":[{"embeddable":true,"href":"http:\/\/meinehebamme.at\/index.php?rest_route=\/wp\/v2\/users\/1"}],"replies":[{"embeddable":true,"href":"http:\/\/meinehebamme.at\/index.php?rest_route=%2Fwp%2Fv2%2Fcomments&post=11"}],"version-history":[{"count":28,"href":"http:\/\/meinehebamme.at\/index.php?rest_route=\/wp\/v2\/pages\/11\/revisions"}],"predecessor-version":[{"id":411,"href":"http:\/\/meinehebamme.at\/index.php?rest_route=\/wp\/v2\/pages\/11\/revisions\/411"}],"wp:attachment":[{"href":"http:\/\/meinehebamme.at\/index.php?rest_route=%2Fwp%2Fv2%2Fmedia&parent=11"}],"curies":[{"name":"wp","href":"https:\/\/api.w.org\/{rel}","templated":true}]}}